{"id":349,"date":"2016-07-12T15:31:46","date_gmt":"2016-07-12T13:31:46","guid":{"rendered":"http:\/\/localhost\/gez-zirkelbach\/?page_id=349"},"modified":"2026-03-12T17:14:11","modified_gmt":"2026-03-12T16:14:11","slug":"kunst-news","status":"publish","type":"page","link":"https:\/\/mediarta.de\/artists\/gez-zirkelbach\/kunst-news\/","title":{"rendered":"Kunst News"},"content":{"rendered":"<div class=\"wpb-content-wrapper\"><p>[vc_row][vc_column][vc_column_text css=&#8220;&#8220;]<\/p>\n<p class=\"p1\"><strong><span class=\"s1\">Atelier4,<br \/>\nAdler &amp; Zirkelbach, Gast: Karsten Kretschmer<br \/>\n<\/span><\/strong><strong><span class=\"s1\">So., 19.04.26<br \/>\n<\/span><\/strong><span class=\"s2\">Schorndorf, Ateliertag des Kunstvereins von 11:00 &#8211; 19:00 Uhr, auch im Atelier 4, Adler &amp; Zirkelbach, Wiesenstrasse 33 in Schorndorf<br \/>\n<\/span><\/p>\n<p class=\"p1\"><strong><span class=\"s1\">Adler &amp; Zirkelbach<br \/>\n<\/span><span class=\"s1\">Fr., 03.07. &#8211; So., 05.07. 26,&nbsp;<br \/>\n<\/span><\/strong><span class=\"s2\"><strong>40 Jahre Atelier4<\/strong><br \/>\n<\/span>Vernissage, Fr., 03.07. 26 ab 19:00<br \/>\n<span class=\"s2\">Sa, 04.07. &#8211; So., 05.07.26 von 11:00 &#8211; 18:00 Uhr<\/span><\/p>\n<p><strong>Atelier 4<br \/>\n<\/strong><strong style=\"font-size: 14px;\">Adler &amp; Zirkelbach<br \/>\n<\/strong>Wiesenstrasse 33<br \/>\n73614 Schorndorf<br \/>\natelier: 0 71 81 \/ 4877830<br \/>\nmobil: 0 172 \/ 1 85 72 67 (Gez Zirkelbach)<br \/>\nmobil: +49 176 64819123 (Heinrich Adler)<br \/>\nemail: <a href=\"mailto:gez.zirkelbach@gmx.de\">gez.zirkelbach@gmx.de<\/a><br \/>\nemail: <a href=\"mailto:andreash.adler@freenet.de\">andreash.adler@freenet.de<\/a><br \/>\n<a href=\"http:\/\/www.mediarta.de\/\">www.mediarta.de<\/a><br \/>\n<a href=\"http:\/\/www.adler-kunst.de\/\">www.adler-kunst.de<\/a><\/p>\n<p class=\"p2\"><strong><img loading=\"lazy\" decoding=\"async\" class=\"alignnone size-full wp-image-1348\" src=\"https:\/\/mediarta.de\/artists\/gez-zirkelbach\/wp-content\/uploads\/2024\/11\/GZ-3.jpg\" alt=\"\" width=\"591\" height=\"844\" srcset=\"https:\/\/mediarta.de\/artists\/gez-zirkelbach\/wp-content\/uploads\/2024\/11\/GZ-3.jpg 591w, https:\/\/mediarta.de\/artists\/gez-zirkelbach\/wp-content\/uploads\/2024\/11\/GZ-3-210x300.jpg 210w, https:\/\/mediarta.de\/artists\/gez-zirkelbach\/wp-content\/uploads\/2024\/11\/GZ-3-53x75.jpg 53w, https:\/\/mediarta.de\/artists\/gez-zirkelbach\/wp-content\/uploads\/2024\/11\/GZ-3-480x685.jpg 480w\" sizes=\"auto, (max-width:767px) 480px, 591px\" \/><\/strong><\/p>\n<p class=\"p1\"><strong><span class=\"s2\">Sonntag den 1. Dezember 2024,<br \/>\n14.00h \u2013 17.30h &#8211; z<\/span><span class=\"s2\">weites&nbsp; Sonntagscaf\u00e9 mit dem K\u00fcnstler Gez Zirkelbach:<\/span><\/strong><\/p>\n<p class=\"p1\"><strong><span class=\"s2\">\u201eSch\u00f6pferische Wiedergeburt aus Schlamm und Erde\u201c<\/span><\/strong><\/p>\n<p class=\"p1\"><span class=\"s1\">Bilder von Gez Zirkelbach (Schorndorf)<br \/>\n<\/span><span class=\"s1\">Kaffee und Kuchen mit geretteter Kunst und Musik von Gez &amp; Luis Zirkelbach&nbsp;<br \/>\n<\/span><span class=\"s1\">Der Eintritt ist frei, ein Hut geht rum.<br \/>\nDiese Ausstellung dauert bis 15. Dezember 2024<br \/>\nArt-Road-Way Kunstschule und KulturCenter am Sch\u00f6nbuch<br \/>\nRaiffeisenstrasse 1-3<br \/>\n72119 Ammerbuch-Breitenholz<br \/>\n<\/span><a href=\"http:\/\/www.art-road-way.de\/\">www.art-road-way.de<\/a><\/p>\n<p class=\"p1\"><strong><span class=\"s1\">Zweites Stipendium zur F\u00f6rderung der K\u00fcnstlerischen Arbeit 2021 des<\/span><\/strong><\/p>\n<p class=\"p1\"><strong><span class=\"s1\">Ministeriums f\u00fcr Wissenschaft, Forschung und Kunst f\u00fcr ein Projekt<br \/>\nmit 9 Menschen f\u00fcr 2022.<\/span><\/strong><\/p>\n<p class=\"p1\"><span class=\"s1\">Ab sofort zu haben ist der <a href=\"https:\/\/mediarta.de\/artists\/gez-zirkelbach\/wp-content\/uploads\/2022\/01\/Zirkelbach_Katalog_final_web.pdf\" target=\"_blank\" rel=\"noopener\">neue Katalog<\/a>, der mit Hilfe des Stipendiums zur<br \/>\nF\u00f6rderung der K\u00fcnstlerischen Arbeit 2021 des Ministeriums f\u00fcr Wissenschaft,<br \/>\nForschung und Kunst zustande kam.<\/span><\/p>\n<p><a href=\"https:\/\/mediarta.de\/artists\/gez-zirkelbach\/wp-content\/uploads\/2022\/01\/Zirkelbach_Katalog_final_web.pdf\" target=\"_blank\" rel=\"noopener\"><strong>Pandemische Zeiten<\/strong><\/a>, Bilder der Pandemie von Gez Zirkelbach 2020\/2021 mit<br \/>\nGemeinschaftsarbeiten mit Andreas Heinrich Adler, Karsten Kretschmer und<br \/>\nLuis Zirkelbach, 60 Seiten, mit Beratung von Angelika Fischer,<br \/>\nder Grafik von Hardy Langer und Fotos von Stefan Mayer&nbsp;<br \/>\n<span class=\"s1\">ISBN 978-3-946336-10-5<br \/>\n<\/span><span class=\"s1\">10,-\u20ac inklusive Versand<\/span><\/p>\n<p class=\"p1\"><strong><span class=\"s2\">Seit 17.09.20<\/span><\/strong><span class=\"s1\"><br \/>\ngibt es den Katalog <a href=\"https:\/\/mediarta.de\/artists\/gez-zirkelbach\/wp-content\/uploads\/2024\/02\/Gez_Katalog_20-18.pdf\" target=\"_blank\" rel=\"noopener\">\u201eDrunter und Dr\u00fcber\u201c<\/a> von Gez mit 36 Seiten,<br \/>\nzahlreichen Bildern und einer Einf\u00fchrung von Stefanie Gr\u00fcnes,M.A. nur 10,-\u20ac \u2013<br \/>\nbitte bestellen unter:&nbsp;<a href=\"mailto:gez.zirkelbach@gmx.de\">gez.zirkelbach@gmx.de<\/a>&nbsp;(+ 2,-\u20ac Porto und Verpackung<\/span><\/p>\n<p class=\"p1\"><strong><span class=\"s2\">Aktuelle Bilder&nbsp;von Gez auf Instagram unter : gez4ever<\/span><\/strong><\/p>\n<p class=\"p1\">&nbsp;<\/p>\n<p>[\/vc_column_text][vc_row_inner][vc_column_inner][vc_column_text]Bild im Wandel<br \/>\nSeit 08.02.24 wieder neue Bilder an meine \u201eKunst am Bau\u201c- Arbeit: \u201eHinein ins Blau\u201c angedockt in der Rainbrunnen Schule in Schorndorf.<br \/>\nBilder der jetzigen 4. Kl\u00e4ssler*innen (im letzten Sommer bei der Entstehung in der 3. Klasse) &#8211; voll cool! Danke Sibylle Oesterle f\u00fcr die Unterst\u00fctzung.[\/vc_column_text][vc_single_image image=&#8220;1234&#8243; img_size=&#8220;large&#8220;][\/vc_column_inner][\/vc_row_inner][\/vc_column][\/vc_row]<\/p>\n<\/div>","protected":false},"excerpt":{"rendered":"<p>[vc_row][vc_column][vc_column_text css=&#8220;&#8220;] Atelier4, Adler &amp; Zirkelbach, Gast: Karsten Kretschmer So., 19.04.26 Schorndorf, Ateliertag des Kunstvereins von 11:00 &#8211; 19:00 Uhr, auch im Atelier 4, Adler &amp;<span class=\"excerpt-hellip\"> [\u2026]<\/span><\/p>\n","protected":false},"author":1,"featured_media":-1,"parent":0,"menu_order":0,"comment_status":"closed","ping_status":"closed","template":"","meta":{"ngg_post_thumbnail":0,"footnotes":""},"class_list":["post-349","page","type-page","status-publish","has-post-thumbnail","hentry"],"_links":{"self":[{"href":"https:\/\/mediarta.de\/artists\/gez-zirkelbach\/wp-json\/wp\/v2\/pages\/349","targetHints":{"allow":["GET"]}}],"collection":[{"href":"https:\/\/mediarta.de\/artists\/gez-zirkelbach\/wp-json\/wp\/v2\/pages"}],"about":[{"href":"https:\/\/mediarta.de\/artists\/gez-zirkelbach\/wp-json\/wp\/v2\/types\/page"}],"author":[{"embeddable":true,"href":"https:\/\/mediarta.de\/artists\/gez-zirkelbach\/wp-json\/wp\/v2\/users\/1"}],"replies":[{"embeddable":true,"href":"https:\/\/mediarta.de\/artists\/gez-zirkelbach\/wp-json\/wp\/v2\/comments?post=349"}],"version-history":[{"count":195,"href":"https:\/\/mediarta.de\/artists\/gez-zirkelbach\/wp-json\/wp\/v2\/pages\/349\/revisions"}],"predecessor-version":[{"id":1445,"href":"https:\/\/mediarta.de\/artists\/gez-zirkelbach\/wp-json\/wp\/v2\/pages\/349\/revisions\/1445"}],"wp:featuredmedia":[{"embeddable":true,"href":"https:\/\/mediarta.de\/artists\/gez-zirkelbach\/wp-json\/"}],"wp:attachment":[{"href":"https:\/\/mediarta.de\/artists\/gez-zirkelbach\/wp-json\/wp\/v2\/media?parent=349"}],"curies":[{"name":"wp","href":"https:\/\/api.w.org\/{rel}","templated":true}]}}