{"id":333,"date":"2016-07-11T18:46:20","date_gmt":"2016-07-11T16:46:20","guid":{"rendered":"http:\/\/localhost\/gez-zirkelbach\/?page_id=333"},"modified":"2025-06-01T16:23:05","modified_gmt":"2025-06-01T14:23:05","slug":"ausstellungen","status":"publish","type":"page","link":"https:\/\/mediarta.de\/artists\/gez-zirkelbach\/ausstellungen\/","title":{"rendered":"Ausstellungen"},"content":{"rendered":"<div class=\"wpb-content-wrapper\"><p>[vc_row][vc_column][vc_column_text css=&#8220;&#8220;]<\/p>\n<table style=\"width: 90%; border: 0; border-color: #000000; align: center; text-align: left; cellpadding: 5; cellspacing: 5; hspace: 0; space: 0;\">\n<tbody>\n<tr>\n<td colspan=\"2\"><img decoding=\"async\" src=\"http:\/\/www.mediarta.de\/artists\/gez-zirkelbach\/wp-content\/uploads\/2016\/08\/galerie_thron_2.jpg\" alt=\"galerie_thron_2\" \/><\/td>\n<\/tr>\n<tr>\n<td style=\"width: 25%; background-color: #000000; text-align: center; color: #ffffff;\"><b>2025<\/b><\/td>\n<td style=\"background-color: #000000; text-align: left; color: #ffffff;\"><strong>Fr., 20.06. &#8211; So., 06.07.25<br \/>\n<\/strong><strong>\u201eWASSER.FARBEN.SCHLAMM&#8220;<\/strong>, Kunst mit und nach der Flut der von der Hochwasserkatastrophe betroffenen K\u00fcnstler*innen Adler, Ehrlich, Koller, Zirkelbach im KV67 Schorndorf, Galerie des Kunstvereins Schorndorf, Vorstadtstra\u00dfe 61-67, am Sa., 05.07.25, swamp-music mit Gez &amp; Luis Zirkelbach, durch den fr\u00fchen Abend im Gespr\u00e4ch mit den Ausstellenden f\u00fchrt Frederick Bunsen, M.A.<br \/>\nInfos: <a href=\"https:\/\/www.kunstverein-schorndorf.de\/\" target=\"_blank\" rel=\"noopener noreferrer\">https:\/\/www.kunstverein-schorndorf.de<\/a><\/p>\n<p><strong>Fr., 19.09. &#8211; So., 21.09.2025<br \/>\n<\/strong><strong>39 Jahre Atelier4, Adler &amp; Zirkelbach, Tage der offenen T\u00fcr, inklusive Schorndorfer Kunstnacht<span class=\"Apple-converted-space\">\u00a0 <\/span>am Sa., 20.09.25 &#8211; <\/strong>genauere Infos folgen\u2026<\/p>\n<p><strong>Fr., 03.10. &#8211; So., 19.10.25<br \/>\n<\/strong><strong>\u201eimpro : visionen&#8220; <\/strong>Performance, Musik, Malerei, Objekte der K\u00fcnstler*innen Salcher, Gez Zirkelbach, Niepmann, Helm Zirkelbach, Stiefel, Pollrei\u00df, Kretschmer im KV67, Galerie des Kunstvereins Schorndorf, Vorstadtstra\u00dfe 61-67, Infos: <a href=\"https:\/\/www.kunstverein-schorndorf.de\/\" target=\"_blank\" rel=\"noopener noreferrer\">https:\/\/www.kunstverein-schorndorf.de<\/a><\/td>\n<\/tr>\n<tr>\n<td style=\"width: 25%; background-color: #333333; text-align: center; color: #ffffff;\"><b>2024<\/b><\/td>\n<td style=\"background-color: #333333; text-align: left; color: #ffffff;\">Basel\/CH, Projektraum M54<br \/>\nSchw\u00e4bisch Gm\u00fcnd, Kunstmesse<br \/>\nWaiblingen-Bittenfeld, Bildzentrale<br \/>\nTulle\/F, Rue des artes<br \/>\nSchorndorf, Q Galerie, Jahresausstellung KV<br \/>\nSchw\u00e4bisch Gm\u00fcnd, Galerie i. Prediger<\/td>\n<\/tr>\n<tr>\n<td style=\"width: 25%; background-color: #000000; text-align: center; color: #ffffff;\"><b>2023<\/b><\/td>\n<td style=\"background-color: #000000; text-align: left; color: #ffffff;\"><span class=\"s1\">Stuttgart, vhs E<\/span><br \/>\n<span class=\"s1\">Backnang, Kunstverein Helferhaus<\/span><br \/>\n<span class=\"s1\">Schorndorf, Atelier4<\/span><br \/>\n<span class=\"s1\">Schorndorf, Q Galerie, Kunstkaufhaus\u00a0<\/span><br \/>\n<span class=\"s1\">Schw\u00e4bisch Gm\u00fcnd, Galerie i. Prediger<\/span><\/td>\n<\/tr>\n<tr>\n<td style=\"width: 25%; background-color: #333333; text-align: center; color: #ffffff;\"><b>2022<\/b><\/td>\n<td style=\"background-color: #333333; text-align: left; color: #ffffff;\">Stuttgart, vhs E<br \/>\n<span class=\"s1\">Schorndorf, Atelier4<br \/>\n<\/span><span class=\"s1\">Schorndorf, Manufaktur, 9 Quadrate<br \/>\n<\/span><span class=\"s1\">Dueville\/Italia, Strada Dell arte<br \/>\n<\/span><span class=\"s1\">Waiblingen, Kulturhaus Schwanen, ADLER &amp; ZIRKELBACH, gemeinsame Bilder<br \/>\n<\/span><span class=\"s1\">Schorndorf, Q-Galerie, Kunstkaufhaus<br \/>\n<\/span><span class=\"s1\">Schorndorf, Q-Galerie, ESSENZ, KV<br \/>\n<\/span><span class=\"s1\">Schw\u00e4bisch Gm\u00fcnd, Prediger, Querschnitt<\/span><\/td>\n<\/tr>\n<tr>\n<td style=\"width: 25%; background-color: #000000; text-align: center; color: #ffffff;\"><b>2021<\/b><\/td>\n<td style=\"background-color: #000000; text-align: left; color: #ffffff;\">\n<p class=\"p1\"><span class=\"s1\">Schorndorf, Atelier4<br \/>\n<\/span><span class=\"s1\">Tulle, Soyons Fou !, Rue des arts<br \/>\n<\/span><span class=\"s1\">Backnang, Nacht Eins, KV Helferhaus<br \/>\n<\/span><span class=\"s1\">Schorndorf, Ateliertag<br \/>\n<\/span><span class=\"s1\">Urbach, two of art, Museum Widumhof<br \/>\n<\/span><span class=\"s1\">Schorndorf, Q-Galerie, Essenz<br \/>\n<\/span><span class=\"s1\">Schw\u00e4bisch Gm\u00fcnd, Prediger, Querschnitt\u00a0<\/span><\/p>\n<\/td>\n<\/tr>\n<tr>\n<td style=\"width: 25%; background-color: #333333; text-align: center; color: #ffffff;\"><b>2020<\/b><\/td>\n<td style=\"background-color: #333333; text-align: left; color: #ffffff;\">\n<p class=\"p1\"><span class=\"s1\">Schorndorf, Pas de Deux vol. 1, Hof der Manufaktur<br \/>\n<\/span><span class=\"s1\">Schorndorf, Pas de Deux vol. 2, Bilderwand, Manufaktur<br \/>\n<\/span><span class=\"s1\">Stuttgart, Schnittstellen, Wolfgang Neumann &amp; Gez Zirkelbach, DGB-Haus<br \/>\n<\/span><span class=\"s1\">Schorndorf, Essenz &#8211; L\u00fcgen und Wahrheiten, Q-Galerie<br \/>\n<\/span><span class=\"s1\">Schw\u00e4bisch Gm\u00fcnd, Querschnitt 2020, Galerie im Prediger<\/span><\/p>\n<\/td>\n<\/tr>\n<tr>\n<td style=\"width: 25%; background-color: #000000; text-align: center; color: #ffffff;\"><span style=\"color: #ffffff;\"><b>2019<\/b><\/span><\/td>\n<td style=\"background-color: #000000; text-align: left; color: #ffffff;\"><span style=\"color: #ffffff;\">K\u00f6ln, kunstraum dreiundzwanzig<br \/>\n<\/span>Waiblingen, Kreisdiakonie mit Adler &amp; Br\u00fcckner<br \/>\nSchorndorf, Kunststrasse, Q-Galerie &amp; Schaufenster der Stadt, International Exhibition<br \/>\nSchorndorf, Atelier4, Unsere Bilder wachsen in den Hinmel<br \/>\nStuttgart, W\u00fcrttembergischer Kunstverein, \u201eK\u00f6nnte aber doch\u201c<br \/>\nBacknang, Helferhaus \u201ealles kann &#8211; kleiner muss\u201c<br \/>\nWinterbach, Alte Kelter, Giovane Elber Stiftung<br \/>\nSchw\u00e4bisch Gm\u00fcnd, Querschnitt, Galerie im Prediger<br \/>\nSchorndorf, Essenz\/Jagdgr\u00fcnde, Q-Galerie f\u00fcr Kunst, Kunstverein<\/td>\n<\/tr>\n<tr>\n<td style=\"width: 25%; background-color: #333333; text-align: center; color: #ffffff;\"><b>2018<\/b><\/td>\n<td style=\"background-color: #333333; text-align: left; color: #ffffff;\">Waiblingen, Kreisdiakonieverband, mit Adler und Br\u00fcckner<br \/>\nStuttgart, Akademie der Bildenden K\u00fcnste, Kunst f\u00fcr Kobra<br \/>\nSchorndorf, Essenz, Q-Galerie f\u00fcr Kunst<br \/>\nSchw\u00e4bisch Gm\u00fcnd, Prediger<br \/>\nSchorndorf, Atelier4, Highway 29 und Kunstnacht<\/td>\n<\/tr>\n<tr>\n<td style=\"width: 25%; background-color: #000000; text-align: center; color: #ffffff;\"><b>2017<\/b><\/td>\n<td style=\"background-color: #000000; text-align: left; color: #ffffff;\">Schorndorf, Diakonische Bezirksstelle<br \/>\nRudersberg-Zumhof, kunstraum<br \/>\nSchorndorf, Manufaktur, Bilderwand, Zwie-Sprache und Cooperations<br \/>\nStuttgart, Haus der Katholischen Kirche, Versteigerung f\u00fcr das Frauenhaus<br \/>\nSchorndorf, Q-Galerie f\u00fcr Kunst, 001530<br \/>\nSchw\u00e4bisch Gm\u00fcnd, Galerie im Prediger, Querschnitt<br \/>\n<span style=\"font-family: inherit; font-weight: inherit;\">Sindelfingen, ARTe, Kunstmesse mit Toni Br\u00fcckner<br \/>\n<\/span>Stuttgart, Haus der Wirtschaft, K\u00fcnstlermesse mit A.H.Adler<\/td>\n<\/tr>\n<tr>\n<td style=\"width: 25%; background-color: #333333; text-align: center; color: #ffffff;\"><b>2016<\/b><\/td>\n<td style=\"background-color: #333333; text-align: left; color: #ffffff;\">Schw\u00e4bisch Gm\u00fcnd, ST\u00d6RUNG, Gm\u00fcnder Kunstverein<br \/>\nSchorndorf, 30 Jahre Atelier4<br \/>\nSt. Johann, Kunstallee, Draht, Papier und X<br \/>\nTulle\/F, Rue des Arts<br \/>\nGr\u00fcnsfeld, Galerie Kirchner<br \/>\nSchorndorf, Kunstnacht<br \/>\nUntergr\u00f6ningen, Schlo\u00df, Winterr\u00e4ume mit two of art<br \/>\nSchorndorf, Kunstmarkt<br \/>\nSchorndorf, Rathaus, mit A.H.Adler<\/td>\n<\/tr>\n<tr>\n<td style=\"width: 25%; background-color: #000000; text-align: center; color: #ffffff;\"><strong>2015<\/strong><\/td>\n<td style=\"background-color: #000000; text-align: left; color: #ffffff;\">Schw\u00e4bisch Gm\u00fcnd, Querschnitt\/Kunstverein, Galerie Prediger<br \/>\nReutlingen, Galerie Thron, mit Traub und Szwed<br \/>\nSchorndorf, APB Galerie, mit Karsten Kretschmer<\/td>\n<\/tr>\n<tr>\n<td style=\"width: 25%; background-color: #333333; text-align: center; color: #ffffff;\"><strong>2014<\/strong><\/td>\n<td style=\"background-color: #333333; text-align: left; color: #ffffff;\">Hechingen, Villa Eugenia, mit H.A. Zirkelbach<br \/>\nSchw\u00e4bisch Gm\u00fcnd, Prediger, Kunstmesse 2014<br \/>\nSchorndorf, Hochdruck, Galerie des Kunstvereins<br \/>\nStuttgart, Unterrichtswerkzeuge, Roteb\u00fchlzentrum<\/td>\n<\/tr>\n<tr>\n<td style=\"width: 25%; background-color: #000000; text-align: center; color: #ffffff;\"><strong>2013<\/strong><\/td>\n<td style=\"background-color: #000000; text-align: left; color: #ffffff;\">Kernen, Rathaus Rommelshausen, Schluss-Aus-Stellung<br \/>\nSchorndof, Jazzclub Session88, Performance: Der Trieb\/Kretschmer\/Zirkelbach<br \/>\nSchorndorf, Galerie Kunstverein, Die Radierung mit Hrdlicka, Sonderborgh, Klinger u.a.<br \/>\nSchorndorf, APB Galerie mit Maranghi<br \/>\nReutlingen, Spendhaus, Performance mit Ber\u00fchr den Ton<br \/>\nUntergr\u00f6ningen, Schlo\u00df, Wintertr\u00e4ume mit K. Kretschmer<br \/>\nSchorndorf, Gegen\u00fcberstellung, 2 Realit\u00e4ten, Villa VHS<br \/>\nSchorndorf, Galerie f\u00fcr Kunst, Jahresausstellung KV<br \/>\nSchw\u00e4bisch Gm\u00fcnd, Prediger, Querschnitt KV<\/td>\n<\/tr>\n<tr>\n<td style=\"width: 25%; background-color: #333333; text-align: center; color: #ffffff;\"><strong>2012<\/strong><\/td>\n<td style=\"background-color: #333333; text-align: left; color: #ffffff;\">Filderstadt, St\u00e4dt. Galerie, Profile: Zirkelbach-Erfle-Zirkelbach<br \/>\nSchorndorf, Kfz Gutmann, Ausstellung\/Performance mit<br \/>\nA.T. Br\u00fcckner und W. Brandner<br \/>\nDueville\/I, Strada dell Arte<br \/>\nTulle\/F, Rue des arts<br \/>\nSchorndorf, Kunststrasse, Cafe de Ville<br \/>\nLindau, Zur Fischerin, Galerie mit K. Kretschmer<br \/>\nSchw\u00e4bisch Gm\u00fcnd, Prediger, Querschnitt<\/td>\n<\/tr>\n<tr>\n<td style=\"width: 25%; background-color: #000000; text-align: center; color: #ffffff;\"><strong>2011<\/strong><\/td>\n<td style=\"background-color: #000000; text-align: left; color: #ffffff;\">Gr\u00fcnsfeld\/W\u00fcrzburg, Galerie Kirchner mit Kurt Grimm<br \/>\nTulle\/F, Galerie de la cour des Arts mit EBBA Kaynak<br \/>\nWaiblingen, Galerie Arco mit Andreas Toni Br\u00fcckner<br \/>\nTulle\/F, Banni\u00e8res<br \/>\nLaufen\/CH, Chelsea Galerie<br \/>\nBacknang, Helferhaus mit Karsten Kretschmer<\/td>\n<\/tr>\n<tr>\n<td style=\"width: 25%; background-color: #333333; text-align: center; color: #ffffff;\"><strong>2010<\/strong><\/td>\n<td style=\"background-color: #333333; text-align: left; color: #ffffff;\">Schorndorf, Galerie f\u00fcr Kunst und Technik mit Johann Schickinger<br \/>\nWaiblingen, Cooperations, Schwanen<br \/>\nSchw\u00e4bisch Gm\u00fcnd, Kunstverein, Galerie Kornhaus mit A.H. Adler<br \/>\nDueville\/I, Metamorfosi 2.010<\/td>\n<\/tr>\n<tr>\n<td style=\"width: 25%; background-color: #000000; text-align: center; color: #ffffff;\"><strong>2009<\/strong><\/td>\n<td style=\"background-color: #000000; text-align: left; color: #ffffff;\">Schorndorf, Galerie f\u00fcr Kunst und Technik, O.T., Kunstverein<br \/>\nSchorndorf, Kunststrasse<br \/>\nTulle\/Frankreich, Rue des Arts<br \/>\nDueville\/Italien, Metamorfosi<\/td>\n<\/tr>\n<tr>\n<td style=\"width: 25%; background-color: #333333; text-align: center; color: #ffffff;\"><strong>2008<\/strong><\/td>\n<td style=\"background-color: #333333; text-align: left; color: #ffffff;\">Winnenden, Rathaus<br \/>\nSchw\u00e4bisch Gm\u00fcnd, Kunstmesse<br \/>\nSchorndorf, Manufaktur, pittura multicolore mit A.Toni Br\u00fcckner<br \/>\nM\u00fcnsingen, Zehntscheuer, two of art mit Karsten Kretschmer<\/td>\n<\/tr>\n<tr>\n<td style=\"width: 25%; background-color: #000000; text-align: center; color: #ffffff;\"><strong>2007<\/strong><\/td>\n<td style=\"background-color: #000000; text-align: left; color: #ffffff;\">Schorndorf-Schornbach, Galerie in der M\u00fchle mit Susanne Ihringer<br \/>\nE Lage-H\u00f6rste\/Westfalen, IMK-Institut f\u00fcr Medien und Kunst<\/td>\n<\/tr>\n<tr>\n<td style=\"width: 25%; background-color: #333333; text-align: center; color: #ffffff;\"><strong>2006<\/strong><\/td>\n<td style=\"background-color: #333333; text-align: left; color: #ffffff;\">Urbach,<br \/>\nMuseum Widumhof, Two of Art, Kretschmer &amp; Zirkelbach<br \/>\nTulle\/F<\/td>\n<\/tr>\n<tr>\n<td style=\"width: 25%; background-color: #000000; text-align: center; color: #ffffff;\"><strong>2005<\/strong><\/td>\n<td style=\"background-color: #000000; text-align: left; color: #ffffff;\">Schw\u00e4bisch<br \/>\nGm\u00fcnd, Kunstverein,Two of Art, Kretschmer &amp; Zirkelbach<br \/>\nWorms, Wohnbau Gmbh, Petra \u2013Marlene G\u00f6lz &amp; Gez Zirkelbach<br \/>\nSchorndorf, Kreissparkasse, Aktion 125<br \/>\nSchw\u00e4bisch Gm\u00fcnd, M\u00fcnster<br \/>\nSchorndorf, Galerie f\u00fcr Kunst und Technik, Kunstverein, Jahresausstellung<br \/>\nSchorndorf, Vers\u00f6hnungskirche<\/td>\n<\/tr>\n<tr>\n<td style=\"width: 25%; background-color: #333333; text-align: center; color: #ffffff;\"><strong>2004<\/strong><\/td>\n<td style=\"background-color: #333333; text-align: left; color: #ffffff;\">Gr\u00fcnsfeld<br \/>\n\u201eTwo of Art\u201c,<br \/>\nAusstellung mit Karsten Kretschmer und Gez Zirkelbach<br \/>\nInnsbruck, Art 8, kunst auf 87qm<br \/>\nSchorndorf, Kunstverein, Umzug-Variationen eines Kartons<br \/>\nLaufen\/CH, Chelsea Galerie<br \/>\nE P\u00e8cs\/Ungarn, Csopor Horda Galeria<\/td>\n<\/tr>\n<tr>\n<td style=\"width: 25%; background-color: #000000; text-align: center; color: #ffffff;\"><strong>2003<\/strong><\/td>\n<td style=\"background-color: #000000; text-align: left; color: #ffffff;\">Steinenbronn,<br \/>\nRathaus, Kulturfreunde Waldenbuch\/Steinenbronn<br \/>\nE Weinstadt, St\u00e4dtische Galerie im Rathaus Beutelsbach<br \/>\nBudapest, Hauptst\u00e4dtisches Kulturzentrum FMH<br \/>\nE Friedrichshafen, Tagesrehabilitation<br \/>\nBrackenheim, Kunst im Fl\u00fcchttor<br \/>\nInnsbruck, Art 7, Galerie Barbara Schwarz<\/td>\n<\/tr>\n<tr>\n<td style=\"width: 25%; background-color: #333333; text-align: center; color: #ffffff;\"><strong>2002<\/strong><\/td>\n<td style=\"background-color: #333333; text-align: left; color: #ffffff;\">Innsbruck,<br \/>\nArt 6, Galerie Barbara Schwarz<br \/>\nE Fellbach, Kunstverein<\/td>\n<\/tr>\n<tr>\n<td style=\"width: 25%; background-color: #000000; text-align: center; color: #ffffff;\"><strong>2001<\/strong><\/td>\n<td style=\"background-color: #000000; text-align: left; color: #ffffff;\">Innsbruck,<br \/>\nArt Innsbruck 5<br \/>\nE Stuttgart, Amtsgericht<\/td>\n<\/tr>\n<tr>\n<td style=\"width: 25%; background-color: #333333; text-align: center; color: #ffffff;\"><strong>2000<\/strong><\/td>\n<td style=\"background-color: #333333; text-align: left; color: #ffffff;\">E<br \/>\nG\u00f6ppingen, Kreisbau Filstal GmbH<br \/>\nE Schorndorf\/Weiler, Galerie Schwarz<br \/>\nE Fellbach, Haus am Kappelberg<\/td>\n<\/tr>\n<tr>\n<td style=\"width: 25%; background-color: #000000; text-align: center; color: #ffffff;\"><strong>1999<\/strong><\/td>\n<td style=\"background-color: #000000; text-align: left; color: #ffffff;\" bgcolor=\"#333333\">E<br \/>\nSchorndorf, Gitarrentage, Bilderwand Manufaktur<br \/>\nE Tauberbischofsheim\/Gr\u00fcnsfeld, Galerie Kirchner<\/td>\n<\/tr>\n<tr>\n<td style=\"width: 25%; background-color: #333333; text-align: center; color: #ffffff;\"><strong>1998<\/strong><\/td>\n<td style=\"background-color: #333333; text-align: left; color: #ffffff;\">Plochingen,<br \/>\nSt\u00e4dtische Galerie( mit A. H. Zirkelbach)<br \/>\nE Hamburg, Osterkirche\/Eilbeck<br \/>\nE Stuttgart, EMK-Schule<br \/>\nSidney, Australien, Tap Gallery<br \/>\nEtyek, Ungarn Kapelle Bot<br \/>\nTamm, St\u00e4dische Galerie, Neues Rathaus<br \/>\n(mit H. A. Zirkelbach)<\/td>\n<\/tr>\n<tr>\n<td style=\"width: 25%; background-color: #000000; text-align: center; color: #ffffff;\"><strong>1997<\/strong><\/td>\n<td style=\"background-color: #000000; text-align: left; color: #ffffff;\">Waiblingen,<br \/>\nRathaus (mit H.A. Zirkelbach)<br \/>\nLaufen CH, Galerie Chelsea<br \/>\nSchw\u00e4bisch Gm\u00fcnd, Unipark<br \/>\nSchorndorf, alphacam<\/td>\n<\/tr>\n<tr>\n<td style=\"width: 25%; background-color: #333333; text-align: center; color: #ffffff;\"><strong>1996<\/strong><\/td>\n<td style=\"background-color: #333333; text-align: left; color: #ffffff;\">E Schw\u00e4bisch Gm\u00fcnd, Kunstverein<br \/>\nE Wilhelmsdorf\/Ravensburg, Kulturverein Scheune<\/td>\n<\/tr>\n<tr>\n<td style=\"width: 25%; background-color: #000000; text-align: center; color: #ffffff;\"><strong>1995<\/strong><\/td>\n<td style=\"background-color: #000000; text-align: left; color: #ffffff;\">Backnang,<br \/>\nSt\u00e4dt. Galerie im Turmschulhaus<br \/>\n( mit A. H. Adler und H. A. Zirkelbach) &#8222;TRI&#8220;<br \/>\nWaiblingen, Landeskunstwochen<br \/>\nBasel-Arlesheim CH, Stiftung Obesunne<\/td>\n<\/tr>\n<tr>\n<td style=\"width: 25%; background-color: #333333; text-align: center; color: #ffffff;\"><strong>1994<\/strong><\/td>\n<td style=\"background-color: #333333; text-align: left; color: #ffffff;\">E<br \/>\nZ\u00fcrich, Galerie Chelsea<br \/>\nSchw\u00e4bisch Gm\u00fcnd, Galerie im Prediger<\/td>\n<\/tr>\n<tr>\n<td style=\"width: 25%; background-color: #000000; text-align: center; color: #ffffff;\">1993<\/td>\n<td style=\"background-color: #000000; text-align: left; color: #ffffff;\">Genf,<br \/>\nEurop Art<br \/>\nRemshalden, Galerie Kinter<br \/>\nMagdeburg, Moritzhof<\/td>\n<\/tr>\n<tr>\n<td style=\"width: 25%; background-color: #333333; text-align: center; color: #ffffff;\"><strong>1992<\/strong><\/td>\n<td style=\"background-color: #333333; text-align: left; color: #ffffff;\">Brackenheim,<br \/>\nKunst im Fl\u00fcchttor e.V.<br \/>\n(mit H. A. Zirkelbach)<\/td>\n<\/tr>\n<tr>\n<td style=\"width: 25%; background-color: #000000; text-align: center; color: #ffffff;\"><strong>1990<\/strong><\/td>\n<td style=\"background-color: #000000; text-align: left; color: #ffffff;\">Tulle,<br \/>\nMus\u00e9e de R\u00e9sistance (mit H. A. Zirkelbach)<br \/>\nK\u00f6ln, Maternushaus<br \/>\nWaiblingen, Makondeausstellung<\/td>\n<\/tr>\n<tr>\n<td style=\"width: 25%; background-color: #333333; text-align: center; color: #ffffff;\"><strong>1989<\/strong><\/td>\n<td style=\"background-color: #333333; text-align: left; color: #ffffff;\">Wendlingen,<br \/>\nSt\u00e4dtische Galerie<\/td>\n<\/tr>\n<tr>\n<td style=\"width: 25%; background-color: #000000; text-align: center; color: #ffffff;\"><strong>1988<\/strong><\/td>\n<td style=\"background-color: #000000; text-align: left; color: #ffffff;\">E Kirchheim, Galerie Kr\u00f6ger<br \/>\nN\u00fcrnberg, ART 3<\/td>\n<\/tr>\n<tr>\n<td style=\"width: 25%; background-color: #333333; text-align: center; color: #ffffff;\"><strong>1987<\/strong><\/td>\n<td style=\"background-color: #333333; text-align: left; color: #ffffff;\">E Stuttgart, Galerie Heidelbauer<br \/>\nE Schorndorf, Volkshochschule<\/td>\n<\/tr>\n<tr>\n<td style=\"width: 25%; background-color: #000000; text-align: center; color: #ffffff;\"><strong>1985<\/strong><\/td>\n<td style=\"background-color: #000000; text-align: left; color: #ffffff;\">Krastal\/\u00d6stereich,<br \/>\nSymposium<\/td>\n<\/tr>\n<tr>\n<td style=\"width: 25%; background-color: #333333; text-align: center; color: #ffffff;\"><strong>1984<\/strong><\/td>\n<td style=\"background-color: #333333; text-align: left; color: #ffffff;\">Mannheim, Kunstverein<br \/>\nStuttgart, S\u00fcddeutscher Rundfunk<\/td>\n<\/tr>\n<\/tbody>\n<\/table>\n<p>[\/vc_column_text][\/vc_column][\/vc_row]<\/p>\n<\/div>","protected":false},"excerpt":{"rendered":"<p>[vc_row][vc_column][vc_column_text css=&#8220;&#8220;] 2025 Fr., 20.06. &#8211; So., 06.07.25 \u201eWASSER.FARBEN.SCHLAMM&#8220;, Kunst mit und nach der Flut der von der Hochwasserkatastrophe betroffenen K\u00fcnstler*innen Adler, Ehrlich, Koller, Zirkelbach im<span class=\"excerpt-hellip\"> [\u2026]<\/span><\/p>\n","protected":false},"author":1,"featured_media":-1,"parent":0,"menu_order":0,"comment_status":"closed","ping_status":"closed","template":"","meta":{"ngg_post_thumbnail":0,"footnotes":""},"class_list":["post-333","page","type-page","status-publish","has-post-thumbnail","hentry"],"_links":{"self":[{"href":"https:\/\/mediarta.de\/artists\/gez-zirkelbach\/wp-json\/wp\/v2\/pages\/333","targetHints":{"allow":["GET"]}}],"collection":[{"href":"https:\/\/mediarta.de\/artists\/gez-zirkelbach\/wp-json\/wp\/v2\/pages"}],"about":[{"href":"https:\/\/mediarta.de\/artists\/gez-zirkelbach\/wp-json\/wp\/v2\/types\/page"}],"author":[{"embeddable":true,"href":"https:\/\/mediarta.de\/artists\/gez-zirkelbach\/wp-json\/wp\/v2\/users\/1"}],"replies":[{"embeddable":true,"href":"https:\/\/mediarta.de\/artists\/gez-zirkelbach\/wp-json\/wp\/v2\/comments?post=333"}],"version-history":[{"count":58,"href":"https:\/\/mediarta.de\/artists\/gez-zirkelbach\/wp-json\/wp\/v2\/pages\/333\/revisions"}],"predecessor-version":[{"id":1380,"href":"https:\/\/mediarta.de\/artists\/gez-zirkelbach\/wp-json\/wp\/v2\/pages\/333\/revisions\/1380"}],"wp:featuredmedia":[{"embeddable":true,"href":"https:\/\/mediarta.de\/artists\/gez-zirkelbach\/wp-json\/"}],"wp:attachment":[{"href":"https:\/\/mediarta.de\/artists\/gez-zirkelbach\/wp-json\/wp\/v2\/media?parent=333"}],"curies":[{"name":"wp","href":"https:\/\/api.w.org\/{rel}","templated":true}]}}