{"id":316,"date":"2016-07-11T18:00:37","date_gmt":"2016-07-11T16:00:37","guid":{"rendered":"http:\/\/localhost\/gez-zirkelbach\/?page_id=316"},"modified":"2023-03-20T10:44:18","modified_gmt":"2023-03-20T09:44:18","slug":"veroeffentlichungen","status":"publish","type":"page","link":"https:\/\/mediarta.de\/artists\/gez-zirkelbach\/veroeffentlichungen\/","title":{"rendered":"Ver\u00f6ffentlichungen"},"content":{"rendered":"<table style=\"border: 0px; width: 90%; cellspacing: 5px; cellpadding: 5px; align: center;\">\n<tbody>\n<tr>\n<td style=\"width: 25%; text-align: left; color: #ffffff; font-weight: 600; background-color: #a40c13;\">&nbsp;<\/td>\n<td style=\"text-align: left; color: #ffffff; background-color: #a40c13; font-weight: bolder;\">MUSIK\/CD&#8217;s<\/td>\n<\/tr>\n<tr>\n<td style=\"color: #ffffff; text-align: center; background-color: #333333;\"><strong>2007<\/strong><\/td>\n<td style=\"text-align: left; color: #ffffff; background-color: #333333;\">George Leitenberger: Stiller die Spur, Schade feat. Gez, 2007, CD, DMG GERMANY<\/td>\n<\/tr>\n<tr>\n<td style=\"color: #ffffff; text-align: center; background-color: #000000;\"><strong>2006<\/strong><\/td>\n<td style=\"text-align: left; color: #ffffff; background-color: #000000;\">der trieb live, Der Trieb, CD<\/td>\n<\/tr>\n<tr>\n<td style=\"color: #ffffff; text-align: center; background-color: #333333;\"><strong>2005<\/strong><\/td>\n<td style=\"text-align: left; color: #ffffff; background-color: #333333;\">Touchez, Ber\u00fchr den Ton, CD<\/td>\n<\/tr>\n<tr>\n<td style=\"color: #ffffff; text-align: center; background-color: #000000;\"><strong>2004<\/strong><\/td>\n<td style=\"text-align: left; color: #ffffff; background-color: #000000;\">Colours, Der Trieb, CD<\/td>\n<\/tr>\n<tr>\n<td style=\"color: #ffffff; text-align: center; background-color: #000000;\">&nbsp;<\/td>\n<td style=\"text-align: left; color: #ffffff; background-color: #000000;\">&nbsp;<\/td>\n<\/tr>\n<tr>\n<td style=\"text-align: left; color: #ffffff; background-color: #a40c13;\">&nbsp;<\/td>\n<td style=\"text-align: left; color: #ffffff; background-color: #a40c13; font-weight: bolder;\">\u00d6FFENTLICHE AUFTR\u00c4GE<\/td>\n<\/tr>\n<tr>\n<td style=\"color: #ffffff; text-align: center; background-color: #000000;\"><strong>2022<\/strong><\/td>\n<td style=\"text-align: left; color: #ffffff; background-color: #000000;\">Kunst am Bau, Gro\u00dfbild Gez Zirkelbach \u201eHinein ins Blau\u201c (140 x 240 cm, Acryl a. Leinwand) Neubau Rainbrunnenschule Schorndorf &#8211; geplante Fortsetzung des Bildes mit Sch\u00fcler*innen (3. Klasse) rechts und links mit kleinen Leinw\u00e4nden im Juni\/Juli 2023<\/td>\n<\/tr>\n<tr>\n<td style=\"color: #ffffff; text-align: center; background-color: #333333;\"><strong>2019<\/strong><\/td>\n<td style=\"text-align: left; color: #ffffff; background-color: #333333;\">Gestaltung von H\u00fcpfspielen beim \u201eWeg der Familie\u201c f\u00fcr die Remstalgartenschau bei der Q-Galerie, Andreas Toni Br\u00fcckner &amp; Gez Zirkelbach<\/td>\n<\/tr>\n<tr>\n<td style=\"color: #ffffff; text-align: center; background-color: #000000;\"><strong>2012<\/strong><\/td>\n<td style=\"text-align: left; color: #ffffff; background-color: #000000;\">Gestaltung T-shirt, Guitar Player, Gitarrentage, Kulturforum Schorndorf<\/td>\n<\/tr>\n<tr>\n<td style=\"color: #ffffff; text-align: center; background-color: #333333;\"><strong>1995<\/strong><\/td>\n<td style=\"text-align: left; color: #ffffff; background-color: #333333;\">Editionsblatt des Kulturforum Schorndorf<\/td>\n<\/tr>\n<tr>\n<td style=\"color: #ffffff; text-align: center; background-color: #000000;\"><strong>1992<\/strong><\/td>\n<td style=\"text-align: left; color: #ffffff; background-color: #000000;\">Signet der Gitarrentage Schorndorf, mit H.A. Zirkelbach<\/td>\n<\/tr>\n<tr>\n<td style=\"color: #ffffff; text-align: center; background-color: #333333;\"><strong>1988<\/strong><\/td>\n<td style=\"text-align: left; color: #ffffff; background-color: #333333;\">Schorndorf, Gestaltung Bahnhofsunterf\u00fchrung,Gruppe Olga 87<\/td>\n<\/tr>\n<tr>\n<td style=\"color: #ffffff; text-align: center; background-color: #000000;\">&nbsp;<\/td>\n<td style=\"text-align: left; color: #ffffff; background-color: #000000;\">&nbsp;<\/td>\n<\/tr>\n<tr>\n<td style=\"text-align: left; color: #ffffff; background-color: #a40c13;\">&nbsp;<\/td>\n<td style=\"text-align: left; color: #ffffff; background-color: #a40c13; font-weight: bolder;\">\u00d6FFENTLICHE ANK\u00c4UFE<\/td>\n<\/tr>\n<tr>\n<td style=\"color: #ffffff; text-align: center; background-color: #000000;\"><strong>2020<\/strong><\/td>\n<td style=\"text-align: left; color: #ffffff; background-color: #000000;\">Ankauf von der Josef Wund Stiftung, Stuttgart<br \/>\nBild von Gez: \u201eWash away my Pain Inside I\u201c<\/td>\n<\/tr>\n<tr>\n<td style=\"color: #ffffff; text-align: center; background-color: #333333;\"><strong>2016<\/strong><\/td>\n<td style=\"text-align: left; color: #ffffff; background-color: #333333;\">Stadt Schorndorf<br \/>\nGemeinschaftsbild von Andreas Heinrich Adler &amp; Gez Zirkelbach<\/td>\n<\/tr>\n<tr>\n<td style=\"color: #ffffff; text-align: center; background-color: #000000;\"><strong>2012<\/strong><\/td>\n<td style=\"text-align: left; color: #ffffff; background-color: #000000;\">Ministerium f\u00fcr Wissenschaft, Forschung und Kunst (2 Bilder)<\/td>\n<\/tr>\n<tr>\n<td style=\"color: #ffffff; text-align: center; background-color: #333333;\"><strong>2009<\/strong><\/td>\n<td style=\"text-align: left; color: #ffffff; background-color: #333333;\">Regierungspr\u00e4sidium Stuttgart<\/td>\n<\/tr>\n<tr>\n<td style=\"color: #ffffff; text-align: center; background-color: #000000;\"><strong>2008<\/strong><\/td>\n<td style=\"text-align: left; color: #ffffff; background-color: #000000;\">Stadt M\u00fcnsingen, F\u00f6rderverein Zehntscheuer<\/td>\n<\/tr>\n<tr>\n<td style=\"color: #ffffff; text-align: center; background-color: #333333;\"><strong>2006<\/strong><\/td>\n<td style=\"text-align: left; color: #ffffff; background-color: #333333;\">Worms, St\u00e4dtische Wohnbau<\/td>\n<\/tr>\n<tr>\n<td style=\"color: #ffffff; text-align: center; background-color: #000000;\"><strong>2005<\/strong><\/td>\n<td style=\"text-align: left; color: #ffffff; background-color: #000000;\">Worms, St\u00e4dtische Wohnbau<\/td>\n<\/tr>\n<tr>\n<td style=\"color: #ffffff; text-align: center; background-color: #333333;\"><strong>2003<\/strong><\/td>\n<td style=\"text-align: left; color: #ffffff; background-color: #333333;\">Staatsgalerie Stuttgart, Graphische Sammlung Ministerium f\u00fcr Wissenschaft, Technik und Kunst, BW Stadt Weinstadt<\/td>\n<\/tr>\n<tr>\n<td style=\"color: #ffffff; text-align: center; background-color: #000000;\"><strong>2000<\/strong><\/td>\n<td style=\"text-align: left; color: #ffffff; background-color: #000000;\">Staatsgalerie Stuttgart, Graphische Sammlung<br \/>\nRegierungspr\u00e4sidium Stuttgart<\/td>\n<\/tr>\n<tr>\n<td style=\"color: #ffffff; text-align: center; background-color: #333333;\"><strong>1998<\/strong><\/td>\n<td style=\"text-align: left; color: #ffffff; background-color: #333333;\">EMK-Schule, Stuttgart<br \/>\nOsterkirche, Hamburg<\/td>\n<\/tr>\n<tr>\n<td style=\"color: #ffffff; text-align: center; background-color: #000000;\"><strong>1997<\/strong><\/td>\n<td style=\"text-align: left; color: #ffffff; background-color: #000000;\">Stadt Waiblingen<br \/>\nStadt Schorndorf<\/td>\n<\/tr>\n<tr>\n<td style=\"color: #ffffff; text-align: center; background-color: #333333;\"><strong>1996<\/strong><\/td>\n<td style=\"text-align: left; color: #ffffff; background-color: #333333;\">Stadt Waiblingen, Artothek<\/td>\n<\/tr>\n<tr>\n<td style=\"color: #ffffff; text-align: center; background-color: #000000;\"><strong>1995<\/strong><\/td>\n<td style=\"text-align: left; color: #ffffff; background-color: #000000;\">Stadt Backnang, Stadthalle<br \/>\nSt\u00e4dtische Wohnbau, Schorndorf<\/td>\n<\/tr>\n<tr>\n<td style=\"color: #ffffff; text-align: center; background-color: #333333;\"><strong>1994<\/strong><\/td>\n<td style=\"text-align: left; color: #ffffff; background-color: #333333;\">St\u00e4dtische Wohnbau, Schorndorf<\/td>\n<\/tr>\n<tr>\n<td style=\"color: #ffffff; text-align: center; background-color: #000000;\"><strong>1992<\/strong><\/td>\n<td style=\"text-align: left; color: #ffffff; background-color: #000000;\">Stadt Waiblingen, Artothek<\/td>\n<\/tr>\n<tr>\n<td style=\"color: #ffffff; text-align: center; background-color: #333333;\"><strong>1991<\/strong><\/td>\n<td style=\"text-align: left; color: #ffffff; background-color: #333333;\">St\u00e4dtische Wohnbau, Schorndorf<\/td>\n<\/tr>\n<tr>\n<td style=\"color: #ffffff; text-align: center; background-color: #000000;\"><strong>1979<\/strong><\/td>\n<td style=\"text-align: left; color: #ffffff; background-color: #000000;\">Sammlung der Gemeinde Remshalden<\/td>\n<\/tr>\n<tr>\n<td style=\"text-align: left; color: #ffffff; background-color: #a40c13;\">&nbsp;<\/td>\n<td style=\"text-align: left; color: #ffffff; background-color: #a40c13; font-weight: bolder;\">KATALOGE<\/td>\n<\/tr>\n<tr>\n<td style=\"color: #ffffff; text-align: center; background-color: #000000;\"><strong>2021<\/strong><\/td>\n<td style=\"text-align: left; color: #ffffff; background-color: #000000;\">Pandemische Zeiten, Bilder der Pandemie 2020\/2021, 60 Seiten ISBN 978-3-946336-10-5<\/td>\n<\/tr>\n<tr>\n<td style=\"color: #ffffff; text-align: center; background-color: #333333;\"><strong>2020<\/strong><\/td>\n<td style=\"text-align: left; color: #ffffff; background-color: #333333;\">Drunter &amp; Dr\u00fcber, Gez Zirkelbach&nbsp; ISBN 978-3-946336-08-2<\/td>\n<\/tr>\n<tr>\n<td style=\"color: #ffffff; text-align: center; background-color: #000000;\"><strong>2016<\/strong><\/td>\n<td style=\"text-align: left; color: #ffffff; background-color: #000000;\">Trame de Soi, Tulle (Katalog, Rue des arts)<\/td>\n<\/tr>\n<tr>\n<td style=\"color: #ffffff; text-align: center; background-color: #333333;\"><strong>2015<\/strong><\/td>\n<td style=\"text-align: left; color: #ffffff; background-color: #333333;\">Kunststrasse Schorndorf, Katalog Kunstverein<\/td>\n<\/tr>\n<tr>\n<td style=\"color: #ffffff; text-align: center; background-color: #000000;\"><strong>2011<\/strong><\/td>\n<td style=\"text-align: left; color: #ffffff; background-color: #000000;\">Pittura Multicolore, gemeinsame Arbeiten von Andreas Toni Br\u00fcckner &amp; Gez Zirkelbach ISBN 783981 225556<\/td>\n<\/tr>\n<tr>\n<td style=\"color: #ffffff; text-align: center; background-color: #333333;\"><strong>2010<\/strong><\/td>\n<td style=\"text-align: left; color: #ffffff; background-color: #333333;\">Wider die Verlogenheiten, gemeinsame Ausstellung mit Johann Schickinger (Skulptur und Graphik) und Gez Zirkelbach (Malerei) ISBN 9 783981 225525<\/td>\n<\/tr>\n<tr>\n<td style=\"text-align: center; color: #ffffff; background-color: #000000;\">2009<\/td>\n<td style=\"text-align: left; color: #ffffff; background-color: #000000;\">Rue des arts\/Kunststrasse, Tulle &amp; Schorndorf<\/td>\n<\/tr>\n<tr>\n<td style=\"text-align: center; color: #ffffff; background-color: #333333;\">2008<\/td>\n<td style=\"text-align: left; color: #ffffff; background-color: #333333;\">Signale, Gez Zirkelbach, Scritta Verlag,ISBN: 3-981-225518<br \/>\ntwo of art, Scritta, ISBN: 3-981-22550-3<\/td>\n<\/tr>\n<tr>\n<td style=\"color: #ffffff; text-align: center; background-color: #000000;\"><strong>2006<\/strong><\/td>\n<td style=\"text-align: left; color: #ffffff; background-color: #000000;\">Rue des arts \u2013 Kunststrasse, Postkartenkatalog Tulle<\/td>\n<\/tr>\n<tr>\n<td style=\"color: #ffffff; text-align: center; background-color: #333333;\"><strong>2002<\/strong><\/td>\n<td style=\"text-align: left; color: #ffffff; background-color: #333333;\">K\u00fcnstler im Kunstverein, Schorndorf<\/td>\n<\/tr>\n<tr>\n<td style=\"color: #ffffff; text-align: center; background-color: #000000;\"><strong>1999<\/strong><\/td>\n<td style=\"text-align: left; color: #ffffff; background-color: #000000;\">Gez runs the vodoo down, Bilder 1997-99, Eigenverlag<\/td>\n<\/tr>\n<tr>\n<td style=\"color: #ffffff; text-align: center; background-color: #333333;\"><strong>1998<\/strong><\/td>\n<td style=\"text-align: left; color: #ffffff; background-color: #333333;\">Euro Art 98, Stadt Etyek\/H<\/td>\n<\/tr>\n<tr>\n<td style=\"color: #ffffff; text-align: center; background-color: #000000;\"><strong>1997<\/strong><\/td>\n<td style=\"text-align: left; color: #ffffff; background-color: #000000;\">Gemeinschaftskatalog mit H.A. Zirkelbach, Eigenverlag<\/td>\n<\/tr>\n<tr>\n<td style=\"color: #ffffff; text-align: center; background-color: #333333;\"><strong>1996<\/strong><\/td>\n<td style=\"text-align: left; color: #ffffff; background-color: #333333;\">Rauminszenierungen, Eigenverlag<br \/>\nNeue Bilder, Eigenverlag<\/td>\n<\/tr>\n<tr>\n<td style=\"color: #ffffff; text-align: center; background-color: #000000;\"><strong>1994<\/strong><\/td>\n<td style=\"text-align: left; color: #ffffff; background-color: #000000;\">Kunst aus Schorndorf, Vortrag von Dr. Herbst<\/td>\n<\/tr>\n<tr>\n<td style=\"color: #ffffff; text-align: center; background-color: #333333;\"><strong>1989<\/strong><\/td>\n<td style=\"text-align: left; color: #ffffff; background-color: #333333;\">2. Schorndorfer Herbstsalon, Kunstverein Schorndorf<\/td>\n<\/tr>\n<tr>\n<td style=\"color: #ffffff; text-align: center; background-color: #000000;\"><strong>1987<\/strong><\/td>\n<td style=\"text-align: left; color: #ffffff; background-color: #000000;\">1. Schorndorfer Herbstsalon, Eigenverlag<\/td>\n<\/tr>\n<tr>\n<td style=\"color: #ffffff; text-align: center; background-color: #333333;\"><strong>1984<\/strong><\/td>\n<td style=\"text-align: left; color: #ffffff; background-color: #333333;\">Studenten der Klasse Hrdlicka, Akademie, Stuttgart<\/td>\n<\/tr>\n<tr>\n<td style=\"color: #ffffff; text-align: center; background-color: #000000;\">&nbsp;<\/td>\n<td style=\"text-align: left; color: #ffffff; background-color: #000000;\">&nbsp;<\/td>\n<\/tr>\n<tr>\n<td style=\"text-align: left; color: #ffffff; background-color: #a40c13;\">&nbsp;<\/td>\n<td style=\"text-align: left; color: #ffffff; background-color: #a40c13; font-weight: bolder;\">B\u00dcCHER<\/td>\n<\/tr>\n<tr>\n<td style=\"color: #ffffff; text-align: center; background-color: #000000;\"><strong>2011<\/strong><\/td>\n<td style=\"text-align: left; color: #ffffff; background-color: #000000;\">Covergestaltung, Niko Papadakis: Ein L\u00e4cheln, das Dir wieder Leben einfl\u00f6\u00dft<br \/>\nISBN 9 783 842 347 427<\/td>\n<\/tr>\n<tr>\n<td style=\"color: #ffffff; text-align: center; background-color: #333333;\"><strong>2009<\/strong><\/td>\n<td style=\"text-align: left; color: #ffffff; background-color: #333333;\">Covergestaltung: Die Gesellschaft Deiner Seele, Papadakis<\/td>\n<\/tr>\n<tr>\n<td style=\"color: #ffffff; text-align: center; background-color: #000000;\"><strong>2008<\/strong><\/td>\n<td style=\"text-align: left; color: #ffffff; background-color: #000000;\">Covergestaltung: Tr\u00e4ume t\u00f6ten ohne Warnung,Niko Papadakis<\/td>\n<\/tr>\n<tr>\n<td style=\"color: #ffffff; text-align: center; background-color: #333333;\"><strong>2006<\/strong><\/td>\n<td style=\"text-align: left; color: #ffffff; background-color: #333333;\">Hier geht\u2019s lang, S. Ihringer,ISBN-13:987-3-00-019782-6<\/td>\n<\/tr>\n<tr>\n<td style=\"color: #ffffff; text-align: center; background-color: #000000;\"><strong>1981<\/strong><\/td>\n<td style=\"text-align: left; color: #ffffff; background-color: #000000;\">Skizzen einer Kulturlandschaft, Buttler\/Schlang Verlag<\/td>\n<\/tr>\n<tr>\n<td style=\"text-align: left; color: #ffffff; background-color: #a40c13;\">&nbsp;<\/td>\n<td style=\"text-align: left; color: #ffffff; background-color: #a40c13; font-weight: bolder;\">TELEVISION\/RADIO<\/td>\n<\/tr>\n<tr>\n<td style=\"color: #ffffff; text-align: center; background-color: #000000;\"><strong>2017<\/strong><\/td>\n<td style=\"text-align: left; color: #ffffff; background-color: #000000;\">Portr\u00e4t Gez Zirkelbach \u2013 der Maler und Musiker<br \/>\n(u.a. Musik von der Trieb, Eselshalden, Mick Baumeister, Wolfgang Brandner u.a. und live mit Luis Zirkelbach) bei<br \/>\n\u201eKabarett trifft\u201c im Freien Radio Stuttgart mit Hans Peter Zein<\/td>\n<\/tr>\n<tr>\n<td style=\"color: #ffffff; text-align: center; background-color: #000000;\">&nbsp;<\/td>\n<td style=\"text-align: left; color: #ffffff; background-color: #000000;\">&nbsp;<\/td>\n<\/tr>\n<tr>\n<td style=\"color: #ffffff; text-align: center; background-color: #333333;\"><strong>2014<\/strong><\/td>\n<td style=\"text-align: left; color: #ffffff; background-color: #333333;\">Portr\u00e4t Gez Zirkelbach &#8211; der Musiker (u.a. der Trieb, Ber\u00fchr den Ton)<br \/>\nbei der L\u00e4sterwelle im Freien Radio Stuttgart von Hans Peter Zein<\/td>\n<\/tr>\n<tr>\n<td style=\"color: #ffffff; text-align: center; background-color: #000000;\"><strong>2011<\/strong><\/td>\n<td style=\"text-align: left; color: #ffffff; background-color: #000000;\">Der Trieb, Kritik und ausf\u00fchrliche Vorstellung, Freies Radio Stuttgart<\/td>\n<\/tr>\n<tr>\n<td style=\"color: #ffffff; text-align: center; background-color: #333333;\"><strong>2007<\/strong><\/td>\n<td style=\"text-align: left; color: #ffffff; background-color: #333333;\">Internetfernsehen, Hier geht\u2019s lang mit Susanne Ihringer<\/td>\n<\/tr>\n<tr>\n<td style=\"color: #ffffff; text-align: center; background-color: #000000;\"><strong>2000<\/strong><\/td>\n<td style=\"text-align: left; color: #ffffff; background-color: #000000;\">SWR, Ebbes, kunst auf 87qm<\/td>\n<\/tr>\n<tr>\n<td style=\"color: #ffffff; text-align: center; background-color: #333333;\"><strong>1998<\/strong><\/td>\n<td style=\"text-align: left; color: #ffffff; background-color: #333333;\">Freies Radio Kassel, Interview, Gelbe Linie<br \/>\nS\u00fcdwest 3, Landesschau, kunst auf 87qm<br \/>\nHessen 3, Landesschau, Aktion Gelbe Linie, Kassel<\/td>\n<\/tr>\n<tr>\n<td style=\"color: #ffffff; text-align: center; background-color: #000000;\"><strong>1997<\/strong><\/td>\n<td style=\"text-align: left; color: #ffffff; background-color: #000000;\">B\u00e4r on Air, Freies Radio Stuttgart, Aktion Kindergeld<\/td>\n<\/tr>\n<tr>\n<td style=\"color: #ffffff; text-align: center; background-color: #333333;\"><strong>1992<\/strong><\/td>\n<td style=\"text-align: left; color: #ffffff; background-color: #333333;\">S\u00fcdwest 3, Ebbes, Manufaktur, Interview<\/td>\n<\/tr>\n<tr>\n<td style=\"color: #ffffff; text-align: center; background-color: #000000;\"><strong>1989<\/strong><\/td>\n<td style=\"text-align: left; color: #ffffff; background-color: #000000;\">RMB-Radio, Interview, 2. Schorndorfer Herbstsalon<\/td>\n<\/tr>\n<tr>\n<td style=\"color: #ffffff; text-align: center; background-color: #333333;\"><strong>1988<\/strong><\/td>\n<td style=\"text-align: left; color: #ffffff; background-color: #333333;\">S\u00fcdwest 3, Kultur S\u00fcdwest, Performance: Trieb\/H\u00f6lderlin<\/td>\n<\/tr>\n<tr>\n<td style=\"color: #ffffff; text-align: center; background-color: #000000;\"><strong>1987<\/strong><\/td>\n<td style=\"text-align: left; color: #ffffff; background-color: #000000;\">S\u00fcdfunk 2, 1. Schorndorfer Herbstsalon<\/td>\n<\/tr>\n<\/tbody>\n<\/table>\n","protected":false},"excerpt":{"rendered":"<p>&nbsp; MUSIK\/CD&#8217;s 2007 George Leitenberger: Stiller die Spur, Schade feat. Gez, 2007, CD, DMG GERMANY 2006 der trieb live, Der Trieb, CD 2005 Touchez, Ber\u00fchr den<span class=\"excerpt-hellip\"> [\u2026]<\/span><\/p>\n","protected":false},"author":1,"featured_media":0,"parent":0,"menu_order":0,"comment_status":"closed","ping_status":"closed","template":"","meta":{"ngg_post_thumbnail":0,"footnotes":""},"class_list":["post-316","page","type-page","status-publish","hentry"],"_links":{"self":[{"href":"https:\/\/mediarta.de\/artists\/gez-zirkelbach\/wp-json\/wp\/v2\/pages\/316","targetHints":{"allow":["GET"]}}],"collection":[{"href":"https:\/\/mediarta.de\/artists\/gez-zirkelbach\/wp-json\/wp\/v2\/pages"}],"about":[{"href":"https:\/\/mediarta.de\/artists\/gez-zirkelbach\/wp-json\/wp\/v2\/types\/page"}],"author":[{"embeddable":true,"href":"https:\/\/mediarta.de\/artists\/gez-zirkelbach\/wp-json\/wp\/v2\/users\/1"}],"replies":[{"embeddable":true,"href":"https:\/\/mediarta.de\/artists\/gez-zirkelbach\/wp-json\/wp\/v2\/comments?post=316"}],"version-history":[{"count":71,"href":"https:\/\/mediarta.de\/artists\/gez-zirkelbach\/wp-json\/wp\/v2\/pages\/316\/revisions"}],"predecessor-version":[{"id":1179,"href":"https:\/\/mediarta.de\/artists\/gez-zirkelbach\/wp-json\/wp\/v2\/pages\/316\/revisions\/1179"}],"wp:attachment":[{"href":"https:\/\/mediarta.de\/artists\/gez-zirkelbach\/wp-json\/wp\/v2\/media?parent=316"}],"curies":[{"name":"wp","href":"https:\/\/api.w.org\/{rel}","templated":true}]}}