{"id":281,"date":"2016-07-11T14:22:46","date_gmt":"2016-07-11T12:22:46","guid":{"rendered":"http:\/\/localhost\/gez-zirkelbach\/?page_id=281"},"modified":"2021-07-13T10:19:33","modified_gmt":"2021-07-13T08:19:33","slug":"biografie","status":"publish","type":"page","link":"https:\/\/mediarta.de\/artists\/gez-zirkelbach\/biografie\/","title":{"rendered":"Biografie"},"content":{"rendered":"<p>&nbsp;<\/p>\n<table cellspacing=\"5\" cellpadding=\"5\" align=\"center\">\n<tbody>\n<tr>\n<td style=\"text-align: center; color: #ffffff; background-color: #333333; width: 25%;\"><strong>2021<\/strong><\/td>\n<td style=\"text-align: left; color: #ffffff; background-color: #333333;\">Stipendium zur F\u00f6rderung der k\u00fcnstlerischen Praxis 2021, Ministerium f\u00fcr Wissenschaft, Forschung und Kunst, Baden-W\u00fcrttemberg<\/td>\n<\/tr>\n<tr>\n<td style=\"text-align: center; color: #ffffff; background-color: #000000; width: 25%;\"><strong>2020<\/strong><\/td>\n<td style=\"text-align: left; color: #ffffff; background-color: #000000;\">F\u00f6rderprogramm Baden-W\u00fcrttemberg<\/td>\n<\/tr>\n<tr>\n<td style=\"text-align: center; color: #ffffff; background-color: #333333; width: 25%;\"><strong>2015<\/strong><\/td>\n<td style=\"text-align: left; color: #ffffff; background-color: #333333;\">ab Oktober 2015 Lehrauftrag als Dozent f\u00fcr Malen und Zeichnen an der P\u00e4dagogischen Hochschule, Schw\u00e4bisch Gm\u00fcnd<\/td>\n<\/tr>\n<tr>\n<td style=\"text-align: center; color: #ffffff; background-color: #000000; width: 25%;\"><strong>2013-2014<\/strong><\/td>\n<td style=\"text-align: left; color: #ffffff; background-color: #000000;\">seit 2013 Lehrauftr\u00e4ge als Gymnasial- und Realschullehrer f\u00fcr Kunst an der Schule f\u00fcr H\u00f6rgesch\u00e4digte, St. Josef, Schw\u00e4bisch Gm\u00fcnd<\/td>\n<\/tr>\n<tr>\n<td style=\"text-align: center; color: #ffffff; background-color: #333333; width: 25%;\"><strong>2012<\/strong><\/td>\n<td style=\"text-align: left; color: #ffffff; background-color: #333333;\">seit 2012 Dozent f\u00fcr Malerei an der VHS Stuttgart (u.a. Jahreslehrg\u00e4nge Kunst)<br \/>\nseit 2012 Lehrauftrag als Dozent f\u00fcr Kunst am Institut f\u00fcr Soziale Berufe, St. Loreto, Schw\u00e4bisch Gm\u00fcnd<\/td>\n<\/tr>\n<tr>\n<td style=\"text-align: center; color: #ffffff; background-color: #000000; width: 25%;\"><strong>2011<\/strong><\/td>\n<td style=\"text-align: left; color: #ffffff; background-color: #000000;\">Dozent in Horn an der Fabrik am See, H\u00f6ri\/Bodensee<\/p>\n<p>seit 2011 Mitglied der Pop-Rock-Blues-Soulband &#8222;Cassandra &amp; the boyz&#8220;<\/td>\n<\/tr>\n<tr>\n<td style=\"text-align: center; color: #ffffff; background-color: #333333; width: 25%;\"><strong>2010<\/strong><\/td>\n<td style=\"text-align: left; color: #ffffff; background-color: #333333;\">Seit 2010 Vertretung als Dozent f\u00fcr Malerei an der VHS Stuttgart<\/td>\n<\/tr>\n<tr>\n<td style=\"text-align: center; color: #ffffff; background-color: #000000; width: 25%;\"><strong>2009<\/strong><\/td>\n<td style=\"text-align: left; color: #ffffff; background-color: #000000;\">Dozent bei der Sommerakademie, Schorndorf VHS<\/td>\n<\/tr>\n<tr>\n<td style=\"text-align: center; color: #ffffff; background-color: #333333; width: 25%;\"><strong>2007<\/strong><\/td>\n<td style=\"text-align: left; color: #ffffff; background-color: #333333;\">Seit 2007 Gemeinsame Arbeiten mit Andreas Toni Br\u00fcckner<\/td>\n<\/tr>\n<tr>\n<td style=\"text-align: center; color: #ffffff; background-color: #000000; width: 25%;\"><strong>2006<\/strong><\/td>\n<td style=\"text-align: left; color: #ffffff; background-color: #000000;\">Tulle\/F Rue des arts 2006<\/td>\n<\/tr>\n<tr>\n<td style=\"text-align: center; color: #ffffff; background-color: #333333; width: 25%;\"><strong>2004<\/strong><\/td>\n<td style=\"text-align: left; color: #ffffff; background-color: #333333;\">Seit 2004 Dozent f\u00fcr Jahreskurs Kunst an der VHS in Schorndorf<\/td>\n<\/tr>\n<tr>\n<td style=\"text-align: center; color: #ffffff; background-color: #000000; width: 25%;\"><strong>2002<\/strong><\/td>\n<td style=\"text-align: left; color: #ffffff; background-color: #000000;\">Seit 2002 Referent f\u00fcr Kunst und Kultur bei ver.di<\/td>\n<\/tr>\n<tr>\n<td style=\"text-align: center; color: #ffffff; background-color: #333333; width: 25%;\"><strong>2001<\/strong><\/td>\n<td style=\"text-align: left; color: #ffffff; background-color: #333333;\">Mitglied der Rockgruppe &#8222;Rock Connexion&#8220;.<br \/>\nAusstellungen Gemeinschaftsarbeiten mit Karsten Kretschmer &amp; Gez Zirkelbach<br \/>\nSeit 2001 Verbindung mit Angelika Fischer und k\u00fcnstlerische Kooperation.<\/td>\n<\/tr>\n<tr>\n<td style=\"text-align: center; color: #ffffff; background-color: #000000; width: 25%;\"><strong>2000<\/strong><\/td>\n<td style=\"text-align: left; color: #ffffff; background-color: #000000;\">Seit 2000 Dozent beim Schorndorfer Kunstsommer<\/td>\n<\/tr>\n<tr>\n<td style=\"text-align: center; color: #ffffff; background-color: #333333; width: 25%;\"><strong>1990-2000<\/strong><\/td>\n<td style=\"text-align: left; color: #ffffff; background-color: #333333;\">Dozent f\u00fcr Malerei an der Kunstschule Unteres Remstal in<br \/>\nWaiblingen und Weinstadt<\/td>\n<\/tr>\n<tr>\n<td style=\"text-align: center; color: #ffffff; background-color: #000000; width: 25%;\"><strong>1996<\/strong><\/td>\n<td style=\"text-align: left; color: #ffffff; background-color: #000000;\">Seit 1996 Referent f\u00fcr Kunst und Kultur bei der IG Medien<\/td>\n<\/tr>\n<tr>\n<td style=\"text-align: center; color: #ffffff; background-color: #333333; width: 25%;\"><strong>1995<\/strong><\/td>\n<td style=\"text-align: left; color: #ffffff; background-color: #333333;\">Preistr\u00e4ger Weleda-Kunstf\u00f6rderpreis<\/td>\n<\/tr>\n<tr>\n<td style=\"text-align: center; color: #ffffff; background-color: #000000; width: 25%;\"><strong>1994-96<\/strong><\/td>\n<td style=\"text-align: left; color: #ffffff; background-color: #000000;\">1. Vorsitzender des Kunstvereins Schorndorf e.V<\/td>\n<\/tr>\n<tr>\n<td style=\"text-align: center; color: #ffffff; background-color: #333333; width: 25%;\"><strong>seit 1994<\/strong><\/td>\n<td style=\"text-align: left; color: #ffffff; background-color: #333333;\">Mitglied der Performancegruppe &#8222;Ber\u00fchr den Ton&#8220;<br \/>\nGemeinsam gemalte Bilder mit Karsten Kretschmer &amp; Gez Zirkelbach<\/td>\n<\/tr>\n<tr>\n<td style=\"text-align: center; color: #ffffff; background-color: #000000; width: 25%;\"><strong>1987-97<\/strong><br \/>\n<strong> und seit 2004<\/strong><\/td>\n<td style=\"text-align: left; color: #ffffff; background-color: #000000;\">Mitglied der Musik- und Performancegruppe &#8222;DER TRIEB&#8220;<\/td>\n<\/tr>\n<tr>\n<td style=\"text-align: center; color: #ffffff; background-color: #333333; width: 25%;\"><strong>1987<\/strong><\/td>\n<td style=\"text-align: left; color: #ffffff; background-color: #333333;\">Geburt von Sohn Luis<\/td>\n<\/tr>\n<tr>\n<td style=\"text-align: center; color: #ffffff; background-color: #000000; width: 25%;\"><strong>Seit&nbsp;1986<\/strong><\/td>\n<td style=\"text-align: left; color: #ffffff; background-color: #000000;\">Freischaffender K\u00fcnstler und Gr\u00fcndung der K\u00fcnstlergemeinschaft Atelier 4<\/td>\n<\/tr>\n<tr>\n<td style=\"text-align: center; color: #ffffff; background-color: #333333; width: 25%;\"><strong>1981-86<\/strong><\/td>\n<td style=\"text-align: left; color: #ffffff; background-color: #333333;\">Akademie der Bildenden K\u00fcnste bei Professor Hrdlicka und Hans Daniel Sailer<\/td>\n<\/tr>\n<tr>\n<td style=\"text-align: center; color: #ffffff; background-color: #000000; width: 25%;\"><strong>1983<\/strong><\/td>\n<td style=\"text-align: left; color: #ffffff; background-color: #000000;\">Geburt von Sohn Max<\/td>\n<\/tr>\n<tr>\n<td style=\"text-align: center; color: #ffffff; background-color: #333333; width: 25%;\"><strong>1983-1992<\/strong><\/td>\n<td style=\"text-align: left; color: #ffffff; background-color: #333333;\">verheiratet mit der Gobelinweberin Eva Zirkelbach geb. Mauch<\/td>\n<\/tr>\n<tr>\n<td style=\"text-align: center; color: #ffffff; background-color: #000000; width: 25%;\"><strong>1980-81<\/strong><\/td>\n<td style=\"text-align: left; color: #ffffff; background-color: #000000;\">Akademie der Bildenden K\u00fcnste Stuttgart bei Professor Seemann<\/td>\n<\/tr>\n<tr>\n<td style=\"text-align: center; color: #ffffff; background-color: #333333; width: 25%;\"><strong>1977-78<\/strong><\/td>\n<td style=\"text-align: left; color: #ffffff; background-color: #333333;\">Freie Kunstschule Stuttgart bei Gerd Neisser<\/td>\n<\/tr>\n<tr>\n<td style=\"text-align: center; color: #ffffff; background-color: #000000; width: 25%;\"><strong>1970-75<\/strong><\/td>\n<td style=\"text-align: left; color: #ffffff; background-color: #000000;\">Aufbaugymnasium St. Josef Hersberg, Immenstaad\/Bodensee<\/td>\n<\/tr>\n<tr>\n<td style=\"text-align: center; color: #ffffff; background-color: #333333; width: 25%;\"><strong>13.8.1957<\/strong><\/td>\n<td style=\"text-align: left; color: #ffffff; background-color: #333333;\">Geboren in Geradstetten im Remstal<\/td>\n<\/tr>\n<\/tbody>\n<\/table>\n","protected":false},"excerpt":{"rendered":"<p>&nbsp; 2021 Stipendium zur F\u00f6rderung der k\u00fcnstlerischen Praxis 2021, Ministerium f\u00fcr Wissenschaft, Forschung und Kunst, Baden-W\u00fcrttemberg 2020 F\u00f6rderprogramm Baden-W\u00fcrttemberg 2015 ab Oktober 2015 Lehrauftrag als Dozent<span class=\"excerpt-hellip\"> [\u2026]<\/span><\/p>\n","protected":false},"author":1,"featured_media":0,"parent":0,"menu_order":0,"comment_status":"closed","ping_status":"closed","template":"","meta":{"ngg_post_thumbnail":0,"footnotes":""},"class_list":["post-281","page","type-page","status-publish","hentry"],"_links":{"self":[{"href":"https:\/\/mediarta.de\/artists\/gez-zirkelbach\/wp-json\/wp\/v2\/pages\/281","targetHints":{"allow":["GET"]}}],"collection":[{"href":"https:\/\/mediarta.de\/artists\/gez-zirkelbach\/wp-json\/wp\/v2\/pages"}],"about":[{"href":"https:\/\/mediarta.de\/artists\/gez-zirkelbach\/wp-json\/wp\/v2\/types\/page"}],"author":[{"embeddable":true,"href":"https:\/\/mediarta.de\/artists\/gez-zirkelbach\/wp-json\/wp\/v2\/users\/1"}],"replies":[{"embeddable":true,"href":"https:\/\/mediarta.de\/artists\/gez-zirkelbach\/wp-json\/wp\/v2\/comments?post=281"}],"version-history":[{"count":42,"href":"https:\/\/mediarta.de\/artists\/gez-zirkelbach\/wp-json\/wp\/v2\/pages\/281\/revisions"}],"predecessor-version":[{"id":1080,"href":"https:\/\/mediarta.de\/artists\/gez-zirkelbach\/wp-json\/wp\/v2\/pages\/281\/revisions\/1080"}],"wp:attachment":[{"href":"https:\/\/mediarta.de\/artists\/gez-zirkelbach\/wp-json\/wp\/v2\/media?parent=281"}],"curies":[{"name":"wp","href":"https:\/\/api.w.org\/{rel}","templated":true}]}}